{"id":2,"date":"2021-01-19T15:38:48","date_gmt":"2021-01-19T14:38:48","guid":{"rendered":"https:\/\/www.gundlach-automotive.com\/advanti-racing\/?page_id=2"},"modified":"2021-01-21T15:12:32","modified_gmt":"2021-01-21T14:12:32","slug":"start","status":"publish","type":"page","link":"https:\/\/advanti-racing.stage.blindwerk.de\/de\/","title":{"rendered":"Willkommen bei Advanti Racing"},"content":{"rendered":"\n<p>Sportliche Linien und scharfe Kurven \u2013 nur zwei der Synonyme, welche die Marke Advanti Racing treffend beschreiben. Der Hersteller der sportlichen Edel-Alu\u2019s bietet ein modernes und gleichzeitig klassisches Programm an Radvarianten f\u00fcr den deutschen Stra\u00dfenverkehr. Durch die fast vollst\u00e4ndige Abdeckung aller g\u00e4ngigen Radgr\u00f6\u00dfen kann nahezu jeder individuelle Umr\u00fcstwunsch erf\u00fcllt werden.<\/p>\n\n\n\n<blockquote class=\"wp-block-quote is-layout-flow wp-block-quote-is-layout-flow\"><p>Formsprache und Lackierung der verschiedenen Exemplare deuten darauf hin, dass hier in Sachen Materialauswahl und technischer Planung passionierte und fachlich versierte Rennsportenthusiasten am Werk sind.<\/p><\/blockquote>\n\n\n\n<p>Selbstverst\u00e4ndlich mit T\u00dcV und ABE ausgestattet, decken die leichtg\u00e4ngigen Aluminiumr\u00e4der ein breites Spektrum an Fahrzeugen ab und sind daher eine top Alternative gegen\u00fcber herk\u00f6mmlichen OE-R\u00e4dern \u2013 auch f\u00fcr die Winterzeit \u2013 denn \u2013 viele Modelle der Marke Advanti Racing sind mit einer 4 Jahres Garantie auf Lacke (oder Oberfl\u00e4chenveredelung) ausgestattet.<\/p>\n\n\n\n<blockquote class=\"wp-block-quote is-layout-flow wp-block-quote-is-layout-flow\"><p>Diese R\u00e4der sind einfach begehrenswert \u2013 eben Truly Desirable!<\/p><\/blockquote>\n","protected":false},"excerpt":{"rendered":"<p>Sportliche Linien und scharfe Kurven \u2013 nur zwei der Synonyme, welche die Marke Advanti Racing treffend beschreiben. Der Hersteller der sportlichen Edel-Alu\u2019s bietet ein modernes und gleichzeitig klassisches Programm an Radvarianten f\u00fcr den deutschen Stra\u00dfenverkehr. Durch die fast vollst\u00e4ndige Abdeckung aller g\u00e4ngigen Radgr\u00f6\u00dfen kann nahezu jeder individuelle Umr\u00fcstwunsch erf\u00fcllt werden. Formsprache und Lackierung der verschiedenen [&hellip;]<\/p>\n","protected":false},"author":1,"featured_media":0,"parent":0,"menu_order":1,"comment_status":"closed","ping_status":"closed","template":"","meta":{"footnotes":""},"class_list":["post-2","page","type-page","status-publish","hentry"],"_links":{"self":[{"href":"https:\/\/advanti-racing.stage.blindwerk.de\/de\/wp-json\/wp\/v2\/pages\/2","targetHints":{"allow":["GET"]}}],"collection":[{"href":"https:\/\/advanti-racing.stage.blindwerk.de\/de\/wp-json\/wp\/v2\/pages"}],"about":[{"href":"https:\/\/advanti-racing.stage.blindwerk.de\/de\/wp-json\/wp\/v2\/types\/page"}],"author":[{"embeddable":true,"href":"https:\/\/advanti-racing.stage.blindwerk.de\/de\/wp-json\/wp\/v2\/users\/1"}],"replies":[{"embeddable":true,"href":"https:\/\/advanti-racing.stage.blindwerk.de\/de\/wp-json\/wp\/v2\/comments?post=2"}],"version-history":[{"count":6,"href":"https:\/\/advanti-racing.stage.blindwerk.de\/de\/wp-json\/wp\/v2\/pages\/2\/revisions"}],"predecessor-version":[{"id":57,"href":"https:\/\/advanti-racing.stage.blindwerk.de\/de\/wp-json\/wp\/v2\/pages\/2\/revisions\/57"}],"wp:attachment":[{"href":"https:\/\/advanti-racing.stage.blindwerk.de\/de\/wp-json\/wp\/v2\/media?parent=2"}],"curies":[{"name":"wp","href":"https:\/\/api.w.org\/{rel}","templated":true}]}}