{"id":17,"date":"2021-01-20T12:22:47","date_gmt":"2021-01-20T11:22:47","guid":{"rendered":"https:\/\/www.gundlach-automotive.com\/advanti-racing\/?page_id=17"},"modified":"2021-03-19T18:22:38","modified_gmt":"2021-03-19T17:22:38","slug":"kontakt","status":"publish","type":"page","link":"https:\/\/advanti-racing.stage.blindwerk.de\/de\/kontakt\/","title":{"rendered":"Kontakt"},"content":{"rendered":"\n<p>Sie haben eine Frage zu einem unserer Produkte oder einem anderen Thema? Schreiben Sie uns eine E-Mail an <span \n                data-original-string='B1er4bEvC7y0QFHRUj9lOg==d86d8X\/lYeF0P\/1VHyjctqHS5FhbE4Nikgf\/htQUQsSFoPBMTUF3lQ7PlM1uxWLQVWz'\n                class='apbct-email-encoder'\n                title='Dieser Kontakt wurde von Anti-Spam by CleanTalk verschl\u00fcsselt. Klicken Sie hier, um ihn zu entschl\u00fcsseln. Um die Entschl\u00fcsselung abzuschlie\u00dfen, stellen Sie sicher, dass JavaScript in Ihrem Browser aktiviert ist.'>in<span class=\"apbct-blur\">**<\/span>@<span class=\"apbct-blur\">****************************<\/span>rk.de<\/span> oder verwenden Sie das unten stehende Kontaktformular. Vielen Dank.<\/p>\n\n\n\n<p>Ihr Team von Advanti Racing<\/p>\n\n\n\n<div class=\"wpcf7 no-js\" id=\"wpcf7-f51-o1\" lang=\"de-DE\" dir=\"ltr\" data-wpcf7-id=\"51\">\n<div class=\"screen-reader-response\"><p role=\"status\" aria-live=\"polite\" aria-atomic=\"true\"><\/p> <ul><\/ul><\/div>\n<form action=\"\/de\/wp-json\/wp\/v2\/pages\/17#wpcf7-f51-o1\" method=\"post\" class=\"wpcf7-form init wpcf7-acceptance-as-validation\" aria-label=\"Kontaktformular\" novalidate=\"novalidate\" data-status=\"init\">\n<fieldset class=\"hidden-fields-container\"><input type=\"hidden\" name=\"_wpcf7\" value=\"51\" \/><input type=\"hidden\" name=\"_wpcf7_version\" value=\"6.1.5\" \/><input type=\"hidden\" name=\"_wpcf7_locale\" value=\"de_DE\" \/><input type=\"hidden\" name=\"_wpcf7_unit_tag\" value=\"wpcf7-f51-o1\" \/><input type=\"hidden\" name=\"_wpcf7_container_post\" value=\"0\" \/><input type=\"hidden\" name=\"_wpcf7_posted_data_hash\" value=\"\" \/>\n<\/fieldset>\n<p>Anrede <small style=\"color: red;\">*<\/small> <span class=\"wpcf7-form-control-wrap\" data-name=\"customer-salutation\"><span class=\"wpcf7-form-control wpcf7-radio\"><span class=\"wpcf7-list-item first\"><input type=\"radio\" name=\"customer-salutation\" value=\"Herr\" checked=\"checked\" \/><span class=\"wpcf7-list-item-label\">Herr<\/span><\/span><span class=\"wpcf7-list-item last\"><input type=\"radio\" name=\"customer-salutation\" value=\"Frau\" \/><span class=\"wpcf7-list-item-label\">Frau<\/span><\/span><\/span><\/span><\/p>\n\n<p>Ihr Name: <small style=\"color: red;\">*<\/small><br \/>\n    <span class=\"wpcf7-form-control-wrap\" data-name=\"customer-name\"><input size=\"40\" maxlength=\"400\" class=\"wpcf7-form-control wpcf7-text wpcf7-validates-as-required\" aria-required=\"true\" aria-invalid=\"false\" value=\"\" type=\"text\" name=\"customer-name\" \/><\/span> <\/p>\n\n<p>Ihre E-Mail: <small style=\"color: red;\">*<\/small><br \/>\n    <span class=\"wpcf7-form-control-wrap\" data-name=\"customer-email\"><input size=\"40\" maxlength=\"400\" class=\"wpcf7-form-control wpcf7-email wpcf7-validates-as-required wpcf7-text wpcf7-validates-as-email\" aria-required=\"true\" aria-invalid=\"false\" value=\"\" type=\"email\" name=\"customer-email\" \/><\/span> <\/p>\n\n<p>Betreff: <small style=\"color: red;\">*<\/small><br \/>\n    <span class=\"wpcf7-form-control-wrap\" data-name=\"customer-subject\"><input size=\"40\" maxlength=\"400\" class=\"wpcf7-form-control wpcf7-text\" aria-invalid=\"false\" value=\"\" type=\"text\" name=\"customer-subject\" \/><\/span> <\/p>\n\n<p>Ihre Nachricht: <small style=\"color: red;\">*<\/small><br \/>\n    <span class=\"wpcf7-form-control-wrap\" data-name=\"customer-message\"><textarea cols=\"40\" rows=\"10\" maxlength=\"2000\" class=\"wpcf7-form-control wpcf7-textarea\" aria-invalid=\"false\" name=\"customer-message\"><\/textarea><\/span> <\/p>\n\n<p><span class=\"wpcf7-form-control-wrap\" data-name=\"AGBok\"><span class=\"wpcf7-form-control wpcf7-acceptance\"><span class=\"wpcf7-list-item\"><input type=\"checkbox\" name=\"AGBok\" value=\"1\" aria-invalid=\"false\" \/><\/span><\/span><\/span> <small style=\"color: red;\">*<\/small> Bitte akzeptieren Sie unsere <a href=\"https:\/\/advanti-racing.stage.blindwerk.de\/datenschutzbestimmungen\/\" target=\"_blank\">Datenschutzbestimmungen<\/a> sowie unsere <a href=\"https:\/\/advanti-racing.stage.blindwerk.de\/nutzungsbedingungen\/\" target=\"_blank\">Nutzungsbedingungen<\/a>.<\/p>\n\n<p><input class=\"wpcf7-form-control wpcf7-submit has-spinner\" type=\"submit\" value=\"Senden\" \/><\/p>\n\n<p>Mit <small style=\"color: red;\">*<\/small> marktierte Felder sind Pflichtfelder.<\/p><input type=\"hidden\" id=\"ct_checkjs_cf7_a9a1d5317a33ae8cef33961c34144f84\" name=\"ct_checkjs_cf7\" value=\"0\" \/><script >setTimeout(function(){var ct_input_name = \"ct_checkjs_cf7_a9a1d5317a33ae8cef33961c34144f84\";if (document.getElementById(ct_input_name) !== null) {var ct_input_value = document.getElementById(ct_input_name).value;document.getElementById(ct_input_name).value = document.getElementById(ct_input_name).value.replace(ct_input_value, '44736445');}}, 1000);<\/script><input\n                    class=\"apbct_special_field apbct_email_id__wp_contact_form_7\"\n                    name=\"apbct__email_id__wp_contact_form_7\"\n                    aria-label=\"apbct__label_id__wp_contact_form_7\"\n                    type=\"text\" size=\"30\" maxlength=\"200\" autocomplete=\"off\"\n                    value=\"\"\n                \/><div class=\"wpcf7-response-output\" aria-hidden=\"true\"><\/div>\n<\/form>\n<\/div>\n\n","protected":false},"excerpt":{"rendered":"<p>Sie haben eine Frage zu einem unserer Produkte oder einem anderen Thema? Schreiben Sie uns eine E-Mail an in**@****************************rk.de oder verwenden Sie das unten stehende Kontaktformular. Vielen Dank. Ihr Team von Advanti Racing<\/p>\n","protected":false},"author":1,"featured_media":0,"parent":0,"menu_order":5,"comment_status":"closed","ping_status":"closed","template":"","meta":{"footnotes":""},"class_list":["post-17","page","type-page","status-publish","hentry"],"_links":{"self":[{"href":"https:\/\/advanti-racing.stage.blindwerk.de\/de\/wp-json\/wp\/v2\/pages\/17","targetHints":{"allow":["GET"]}}],"collection":[{"href":"https:\/\/advanti-racing.stage.blindwerk.de\/de\/wp-json\/wp\/v2\/pages"}],"about":[{"href":"https:\/\/advanti-racing.stage.blindwerk.de\/de\/wp-json\/wp\/v2\/types\/page"}],"author":[{"embeddable":true,"href":"https:\/\/advanti-racing.stage.blindwerk.de\/de\/wp-json\/wp\/v2\/users\/1"}],"replies":[{"embeddable":true,"href":"https:\/\/advanti-racing.stage.blindwerk.de\/de\/wp-json\/wp\/v2\/comments?post=17"}],"version-history":[{"count":5,"href":"https:\/\/advanti-racing.stage.blindwerk.de\/de\/wp-json\/wp\/v2\/pages\/17\/revisions"}],"predecessor-version":[{"id":235,"href":"https:\/\/advanti-racing.stage.blindwerk.de\/de\/wp-json\/wp\/v2\/pages\/17\/revisions\/235"}],"wp:attachment":[{"href":"https:\/\/advanti-racing.stage.blindwerk.de\/de\/wp-json\/wp\/v2\/media?parent=17"}],"curies":[{"name":"wp","href":"https:\/\/api.w.org\/{rel}","templated":true}]}}