{"id":14,"date":"2021-01-19T16:09:33","date_gmt":"2021-01-19T15:09:33","guid":{"rendered":"https:\/\/www.gundlach-automotive.com\/advanti-racing\/?page_id=14"},"modified":"2021-07-09T11:59:20","modified_gmt":"2021-07-09T09:59:20","slug":"nutzungsbedingungen","status":"publish","type":"page","link":"https:\/\/advanti-racing.stage.blindwerk.de\/de\/nutzungsbedingungen\/","title":{"rendered":"Nutzungsbedingungen"},"content":{"rendered":"<div class=\"rg-wp-policy-container\"><h2>Nutzungsbedingungen der Website von Advanti Racing<\/h2><p>Herzlich willkommen auf der Website von Advanti Racing. Diese Website und ihr Inhalt sind Eigentum der Reifen Gundlach GmbH und werden von dem Unternehmen gef\u00fchrt, dessen Firmensitz sich in der Talstra\u00dfe 2, 56316 Raubach (Deutschland) \u2013 Registrierungsnummer HRB 12794, Ust-IdNr.: DE 157837971 befindet.<\/p><h2>Anwendbarkeit<\/h2><p>Die vorliegenden Nutzungsbedingungen (\u201eNutzungsbedingungen\u201c) beziehen sich auf Ihre Besuche und Nutzung der Website sowie alle Informationen, Empfehlungen und\/oder Dienstleistungen, die Ihnen von oder durch diese Website zur Verf\u00fcgung gestellt werden (die \u201eInformationen\u201c).<\/p><p>Durch Zugriff auf die Website und deren Nutzung stimmen Sie der Anwendbarkeit unserer Nutzungsbedingungen zu. Diese Nutzungsbedingungen k\u00f6nnen jederzeit ge\u00e4ndert oder von Advanti Racing auf andere Art erg\u00e4nzt werden. Die ge\u00e4nderten oder erg\u00e4nzten Nutzungsbedingungen treten zum Zeitpunkt der Ver\u00f6ffentlichung der Website in Kraft. Nutzern der Website wird empfohlen, die Nutzungsbedingungen im Hinblick auf m\u00f6gliche \u00c4nderungen regelm\u00e4\u00dfig durchzulesen.<\/p><p>Diese Nutzungsbedingungen wurden zuletzt am <strong>9 Juli 2021<\/strong> ge\u00e4ndert.<\/p><h2>Informationen und Haftung<\/h2><p>Die Informationen dienen ausschlie\u00dflich allgemeinen Informationszwecken und stellen in keinem Fall eine Beratung dar. Advanti Racing bem\u00fcht sich im Rahmen des Zumutbaren, auf dieser Website richtige und aktuelle Informationen zur Verf\u00fcgung zu stellen. Das Unternehmen \u00fcbernimmt jedoch keine Garantie, dass die Website und die bereitgestellten Informationen frei von Fehlern, Defekten, Malware und Viren sind oder dass die Website und\/oder Informationen richtig und aktuell sind.<\/p><p>Advanti Racing \u00fcbernimmt keine Haftung f\u00fcr Sch\u00e4den, die durch die Nutzung (oder Nichtverf\u00fcgbarkeit) der Website entstehen, darunter auch durch Malware, Viren sowie durch Unrichtigkeit oder Unvollst\u00e4ndigkeit der Informationen oder der Website verursachte Sch\u00e4den, es sei denn, dass diese auf grobe Fahrl\u00e4ssigkeit oder Vorsatz seitens Advanti Racing zur\u00fcckzuf\u00fchren sind.<\/p><p>Advanti Racing \u00fcbernimmt auch keine Haftung f\u00fcr Sch\u00e4den infolge der Verwendung (oder Nichtverf\u00fcgbarkeit) von elektronischen Kommunikationsmitteln, die sich m\u00f6glicherweise auf die Website beziehen. Dies gilt insbesondere f\u00fcr Sch\u00e4den durch den Ausfall oder eine St\u00f6rung der elektronischen Daten\u00fcbertragung bzw. durch die Unterbrechung oder Manipulation elektronischer Kommunikationsmittel durch Dritte oder durch spezielle, zur elektronischen Verbreitung und \u00dcbertragung von Viren vorgesehene Computerprogramme.<\/p><h2>Datenschutzerkl\u00e4rung<\/h2><p>Personenbezogene Daten, die von oder in Zusammenhang mit dieser Website zur Verf\u00fcgung gestellt oder erfasst werden, werden nur gem\u00e4\u00df der Datenschutzerkl\u00e4rung von Advanti Racing verwendet. Die Nutzungsbedingungen unterliegen der Datenschutzerkl\u00e4rung von Advanti Racing, die auf dieser Website ver\u00f6ffentlicht wird.<\/p><h2>Links zu anderen Websites<\/h2><p>Diese Website kann Links zu externen Websites enthalten. Advanti Racing haftet nicht f\u00fcr die Nutzung oder den Inhalt von Internetseiten, die einen Link zu dieser Website bereitstellen oder die mit dieser Website verlinkt sind. Die Datenschutzerkl\u00e4rung der Reifen Gundlach GmbH gilt nicht f\u00fcr die Erhebung und Verarbeitung Ihrer personenbezogenen Daten auf oder durch solche externen Seiten.<\/p><h2>Geistige Eigentumsrechte<\/h2><p>Sofern nicht anders angegeben ist Advanti Racing Inhaber aller Rechte an dieser Website und deren Informationen, darunter auch aller Urheberrechte und sonstigen geistigen Eigentumsrechte. Den Nutzern ist es gestattet, die Website und alle darauf bereitgestellten Informationen zu lesen und die Inhalte f\u00fcr den privaten Gebrauch durch beispielsweise Ausdruck oder Speicherung zu vervielf\u00e4ltigen.<\/p><p>Jedwede andere Nutzung der Website oder der bereitgestellten Informationen, wie z. B. die Speicherung oder Vervielf\u00e4ltigung einzelner oder aller Inhalte der Website auf einer externen Website oder die Setzung von Links, Hyperlinks oder tiefen Verlinkungen zwischen der Website und anderen Internetseiten oder andere Nutzungsarten, bed\u00fcrfen der ausdr\u00fccklichen schriftlichen Zustimmung von Advanti Racing.<\/p><p>\u201eAdvanti Racing &reg;\u201c und alle anderen Warenzeichen, die auf dieser Website aufgef\u00fchrt werden, sind eingetragene Warenzeichen der Reifen Gundlach GmbH, Gundlach Automotive Corporation oder seiner Konzern- und\/oder Tochtergesellschaften.<\/p><h2>Unaufgefordert erhaltene Informationen<\/h2><p>Wenn Sie unaufgefordert Vorschl\u00e4ge und\/oder Materialien, ob in Form von Texten, Bildern, Tonaufnahmen, Software, Informationen oder in irgendeiner anderen Form (\u201edie Materialien\u201c) auf der Website ver\u00f6ffentlichen bzw. diese per E-Mail oder auf andere Weise an Advanti Racing senden, hat Advanti Racing das Recht, diese Materialien in vollem Umfang und kostenlos zu nutzen, zu vervielf\u00e4ltigen oder kommerziell zu verwerten und ist an keinerlei Vertraulichkeitsverpflichtung bez\u00fcglich dieser Materialien gebunden.<\/p><p>Sie verpflichten sich hiermit, Advanti Racing von s\u00e4mtlichen Anspr\u00fcchen aus Rechtshandlungen, Forderungen und Haftung freizustellen, die aufgrund der Nutzung und\/oder Verwertung von Materialien, die (geistige Eigentums-)Rechte eines Dritten verletzen, gegen Advanti Racing geltend gemacht werden, oder aus einem anderen Grund eine rechtswidrige Handlung gegen Dritte darstellen.<\/p><h2>Salvatorische Klausel<\/h2><p>Sollte irgendeine Bestimmungen dieser Nutzungsbedingungen oder deren Anwendung ung\u00fcltig, ungesetzlich oder undurchsetzbar sein oder durch ein zust\u00e4ndiges Gericht f\u00fcr ung\u00fcltig, ungesetzlich oder undurchsetzbar erkl\u00e4rt werden, so bleibt die G\u00fcltigkeit der \u00fcbrigen Bestimmungen der Nutzungsbedingungen davon unber\u00fchrt, und die Anwendung dieser Bestimmungen wird so interpretiert, dass die Interessen beider Parteien angemessen vertreten werden. Die Parteien verpflichten sich des Weiteren, eine ung\u00fcltige oder undurchsetzbare Bestimmung der Nutzungsbedingungen durch eine g\u00fcltige und durchsetzbare zu ersetzen, die den wirtschaftlichen, gesch\u00e4ftlichen und anderen Zwecken der ung\u00fcltigen oder undurchsetzbaren Bestimmung am n\u00e4chsten kommt.<\/p><h2>Rechtswahl und Gerichtsstand<\/h2><p>Auf diese Nutzungsbedingungen findet ausschlie\u00dflich deutsches Recht Anwendung. Gerichtsstand f\u00fcr alle Streitigkeiten im Zusammenhang mit diesen Nutzungsbedingungen, darunter auch alle Streitfragen \u00fcber deren Existenz und G\u00fcltigkeit, ist das zust\u00e4ndige Gericht in Deutschland, es sei denn, bindende gesetzliche Vorschriften bestimmen etwas anderes.<\/p><\/div>\n","protected":false},"excerpt":{"rendered":"","protected":false},"author":1,"featured_media":0,"parent":0,"menu_order":8,"comment_status":"closed","ping_status":"closed","template":"","meta":{"footnotes":""},"class_list":["post-14","page","type-page","status-publish","hentry"],"_links":{"self":[{"href":"https:\/\/advanti-racing.stage.blindwerk.de\/de\/wp-json\/wp\/v2\/pages\/14","targetHints":{"allow":["GET"]}}],"collection":[{"href":"https:\/\/advanti-racing.stage.blindwerk.de\/de\/wp-json\/wp\/v2\/pages"}],"about":[{"href":"https:\/\/advanti-racing.stage.blindwerk.de\/de\/wp-json\/wp\/v2\/types\/page"}],"author":[{"embeddable":true,"href":"https:\/\/advanti-racing.stage.blindwerk.de\/de\/wp-json\/wp\/v2\/users\/1"}],"replies":[{"embeddable":true,"href":"https:\/\/advanti-racing.stage.blindwerk.de\/de\/wp-json\/wp\/v2\/comments?post=14"}],"version-history":[{"count":3,"href":"https:\/\/advanti-racing.stage.blindwerk.de\/de\/wp-json\/wp\/v2\/pages\/14\/revisions"}],"predecessor-version":[{"id":409,"href":"https:\/\/advanti-racing.stage.blindwerk.de\/de\/wp-json\/wp\/v2\/pages\/14\/revisions\/409"}],"wp:attachment":[{"href":"https:\/\/advanti-racing.stage.blindwerk.de\/de\/wp-json\/wp\/v2\/media?parent=14"}],"curies":[{"name":"wp","href":"https:\/\/api.w.org\/{rel}","templated":true}]}}